{"id":83,"date":"2018-10-24T22:30:47","date_gmt":"2018-10-24T22:30:47","guid":{"rendered":"http:\/\/marzec.wroclaw.pl\/?page_id=83"},"modified":"2019-09-05T23:49:46","modified_gmt":"2019-09-05T21:49:46","slug":"oferta","status":"publish","type":"page","link":"https:\/\/marzec.wroclaw.pl\/index.php\/oferta\/","title":{"rendered":"Oferta"},"content":{"rendered":"<h4 style=\"text-align: center;\"><strong>\u27a1 Sesje noworodkowe \u2b05<\/strong><\/h4>\n<h4><a href=\"http:\/\/marzec.wroclaw.pl\/wp-content\/uploads\/2019\/08\/DMF_2019-Sesje_Noworodkowe.png\" data-rel=\"lightbox-image-0\" data-rl_title=\"\" data-rl_caption=\"\" title=\"\"><img data-attachment-id=\"1966\" data-permalink=\"https:\/\/marzec.wroclaw.pl\/index.php\/oferta\/dmf_2019-sesje_noworodkowe\/\" data-orig-file=\"https:\/\/marzec.wroclaw.pl\/wp-content\/uploads\/2019\/08\/DMF_2019-Sesje_Noworodkowe.png\" data-orig-size=\"1280,720\" data-comments-opened=\"1\" data-image-meta=\"{&quot;aperture&quot;:&quot;0&quot;,&quot;credit&quot;:&quot;&quot;,&quot;camera&quot;:&quot;&quot;,&quot;caption&quot;:&quot;&quot;,&quot;created_timestamp&quot;:&quot;0&quot;,&quot;copyright&quot;:&quot;&quot;,&quot;focal_length&quot;:&quot;0&quot;,&quot;iso&quot;:&quot;0&quot;,&quot;shutter_speed&quot;:&quot;0&quot;,&quot;title&quot;:&quot;&quot;,&quot;orientation&quot;:&quot;0&quot;}\" data-image-title=\"DMF_2019 &#8211; Sesje_Noworodkowe\" data-image-description=\"\" data-medium-file=\"https:\/\/marzec.wroclaw.pl\/wp-content\/uploads\/2019\/08\/DMF_2019-Sesje_Noworodkowe-300x169.png\" data-large-file=\"https:\/\/marzec.wroclaw.pl\/wp-content\/uploads\/2019\/08\/DMF_2019-Sesje_Noworodkowe-1024x576.png\" loading=\"lazy\" class=\"aligncenter wp-image-1966 size-large\" src=\"http:\/\/marzec.wroclaw.pl\/wp-content\/uploads\/2019\/08\/DMF_2019-Sesje_Noworodkowe-1024x576.png\" alt=\"\" width=\"1024\" height=\"576\" srcset=\"https:\/\/marzec.wroclaw.pl\/wp-content\/uploads\/2019\/08\/DMF_2019-Sesje_Noworodkowe-1024x576.png 1024w, https:\/\/marzec.wroclaw.pl\/wp-content\/uploads\/2019\/08\/DMF_2019-Sesje_Noworodkowe-300x169.png 300w, https:\/\/marzec.wroclaw.pl\/wp-content\/uploads\/2019\/08\/DMF_2019-Sesje_Noworodkowe-768x432.png 768w, https:\/\/marzec.wroclaw.pl\/wp-content\/uploads\/2019\/08\/DMF_2019-Sesje_Noworodkowe.png 1280w\" sizes=\"(max-width: 1024px) 100vw, 1024px\" \/><\/a><\/h4>\n<p style=\"text-align: center;\"><img loading=\"lazy\" class=\"\" draggable=\"false\" src=\"https:\/\/s.w.org\/images\/core\/emoji\/11\/svg\/27a1.svg\" alt=\"\u27a1\" width=\"24\" height=\"24\">Ceny sesji noworodkowych ju\u017c od 150 z\u0142 <img loading=\"lazy\" class=\"\" draggable=\"false\" src=\"https:\/\/s.w.org\/images\/core\/emoji\/11\/svg\/2b05.svg\" alt=\"\u2b05\" width=\"24\" height=\"24\"><\/p>\n<h4>&nbsp;<\/h4>\n<h4 style=\"text-align: center;\"><strong>\u27a1 Voucher na noworodkow\u0105 sesj\u0119 fotograficzn\u0105 \u2b05<\/strong><\/h4>\n<p style=\"text-align: justify;\"><a href=\"http:\/\/marzec.wroclaw.pl\/wp-content\/uploads\/2019\/02\/Voucher_sesja_noworodkowa.png\" data-elementor-open-lightbox=\"default\" data-rel=\"lightbox-image-1\" data-rl_title=\"\" data-rl_caption=\"\" title=\"\"><br \/>\n<img loading=\"lazy\" class=\"aligncenter\" src=\"http:\/\/marzec.wroclaw.pl\/wp-content\/uploads\/2019\/02\/Voucher_sesja_noworodkowa-1024x681.png\" sizes=\"(max-width: 1024px) 100vw, 1024px\" srcset=\"http:\/\/marzec.wroclaw.pl\/wp-content\/uploads\/2019\/02\/Voucher_sesja_noworodkowa-1024x681.png 1024w, http:\/\/marzec.wroclaw.pl\/wp-content\/uploads\/2019\/02\/Voucher_sesja_noworodkowa-300x200.png 300w, http:\/\/marzec.wroclaw.pl\/wp-content\/uploads\/2019\/02\/Voucher_sesja_noworodkowa-768x511.png 768w\" alt=\"Voucher_sesja_noworodkowa\" width=\"1024\" height=\"681\"> <\/a><\/p>\n<p style=\"text-align: justify;\">Sam(a) ustal warto\u015b\u0107 swojego vouchera &#8230; napisz do mnie <img loading=\"lazy\" class=\"\" draggable=\"false\" src=\"https:\/\/s.w.org\/images\/core\/emoji\/11\/svg\/1f4e7.svg\" alt=\"\ud83d\udce7\" width=\"24\" height=\"24\">: <a href=\"mailto:dominik@marzec.wroclaw.pl\">dominik@marzec.wroclaw.pl<\/a>, a ustalimy szczeg\u00f3\u0142y.<\/p>\n<p style=\"text-align: center;\"><img loading=\"lazy\" class=\"\" draggable=\"false\" src=\"https:\/\/s.w.org\/images\/core\/emoji\/11\/svg\/27a1.svg\" alt=\"\u27a1\" width=\"24\" height=\"24\">Ceny voucher\u00f3w ju\u017c od 150 z\u0142 <img loading=\"lazy\" class=\"\" draggable=\"false\" src=\"https:\/\/s.w.org\/images\/core\/emoji\/11\/svg\/2b05.svg\" alt=\"\u2b05\" width=\"24\" height=\"24\"><\/p>\n<h4>&nbsp;<\/h4>\n<h4 style=\"text-align: center;\"><strong>\u27a1 Dzieci\u0119ce sesje studyjne i plenerowe \u2b05<\/strong><\/h4>\n<p><a href=\"http:\/\/marzec.wroclaw.pl\/wp-content\/uploads\/2019\/08\/DMF_2019-Dzieci\u0119ca-_sesja_studyjna_lub_plenerowa.png\" data-rel=\"lightbox-image-2\" data-rl_title=\"\" data-rl_caption=\"\" title=\"\"><img data-attachment-id=\"1959\" data-permalink=\"https:\/\/marzec.wroclaw.pl\/index.php\/oferta\/dmf_2019-dziecieca-_sesja_studyjna_lub_plenerowa\/\" data-orig-file=\"https:\/\/marzec.wroclaw.pl\/wp-content\/uploads\/2019\/08\/DMF_2019-Dzieci\u0119ca-_sesja_studyjna_lub_plenerowa.png\" data-orig-size=\"1280,720\" data-comments-opened=\"1\" data-image-meta=\"{&quot;aperture&quot;:&quot;0&quot;,&quot;credit&quot;:&quot;&quot;,&quot;camera&quot;:&quot;&quot;,&quot;caption&quot;:&quot;&quot;,&quot;created_timestamp&quot;:&quot;0&quot;,&quot;copyright&quot;:&quot;&quot;,&quot;focal_length&quot;:&quot;0&quot;,&quot;iso&quot;:&quot;0&quot;,&quot;shutter_speed&quot;:&quot;0&quot;,&quot;title&quot;:&quot;&quot;,&quot;orientation&quot;:&quot;0&quot;}\" data-image-title=\"DMF_2019 &#8211; Dzieci\u0119ca _sesja_studyjna_lub_plenerowa\" data-image-description=\"\" data-medium-file=\"https:\/\/marzec.wroclaw.pl\/wp-content\/uploads\/2019\/08\/DMF_2019-Dzieci\u0119ca-_sesja_studyjna_lub_plenerowa-300x169.png\" data-large-file=\"https:\/\/marzec.wroclaw.pl\/wp-content\/uploads\/2019\/08\/DMF_2019-Dzieci\u0119ca-_sesja_studyjna_lub_plenerowa-1024x576.png\" loading=\"lazy\" class=\"aligncenter wp-image-1959 size-full\" src=\"http:\/\/marzec.wroclaw.pl\/wp-content\/uploads\/2019\/08\/DMF_2019-Dzieci\u0119ca-_sesja_studyjna_lub_plenerowa.png\" alt=\"DMF-Dzieci\u0119ce sesje studyjne i plenerowe\" width=\"1280\" height=\"720\" srcset=\"https:\/\/marzec.wroclaw.pl\/wp-content\/uploads\/2019\/08\/DMF_2019-Dzieci\u0119ca-_sesja_studyjna_lub_plenerowa.png 1280w, https:\/\/marzec.wroclaw.pl\/wp-content\/uploads\/2019\/08\/DMF_2019-Dzieci\u0119ca-_sesja_studyjna_lub_plenerowa-300x169.png 300w, https:\/\/marzec.wroclaw.pl\/wp-content\/uploads\/2019\/08\/DMF_2019-Dzieci\u0119ca-_sesja_studyjna_lub_plenerowa-768x432.png 768w, https:\/\/marzec.wroclaw.pl\/wp-content\/uploads\/2019\/08\/DMF_2019-Dzieci\u0119ca-_sesja_studyjna_lub_plenerowa-1024x576.png 1024w\" sizes=\"(max-width: 1280px) 100vw, 1280px\" \/><\/a><\/p>\n<p style=\"text-align: justify;\">Sam(a) ustalasz rodzaj swojej sesji, pakiet, ilo\u015b\u0107 zdj\u0119\u0107, odbitek czy te\u017c rodzaj foto-produkt\u00f3w &#8230; napisz do mnie <img loading=\"lazy\" class=\"\" draggable=\"false\" src=\"https:\/\/s.w.org\/images\/core\/emoji\/11\/svg\/1f4e7.svg\" alt=\"\ud83d\udce7\" width=\"24\" height=\"24\">: <a href=\"mailto:dominik@marzec.wroclaw.pl\">dominik@marzec.wroclaw.pl<\/a>, a ustalimy szczeg\u00f3\u0142y.<\/p>\n<p style=\"text-align: center;\"><img loading=\"lazy\" class=\"\" draggable=\"false\" src=\"https:\/\/s.w.org\/images\/core\/emoji\/11\/svg\/27a1.svg\" alt=\"\u27a1\" width=\"24\" height=\"24\">Ceny sesji ju\u017c od 150 z\u0142 <img loading=\"lazy\" class=\"\" draggable=\"false\" src=\"https:\/\/s.w.org\/images\/core\/emoji\/11\/svg\/2b05.svg\" alt=\"\u2b05\" width=\"24\" height=\"24\"><\/p>\n<h4>&nbsp;<\/h4>\n<h4 style=\"text-align: center;\"><strong>\u2665Voucher na wsp\u00f3ln\u0105 lub indywidualn\u0105 <img loading=\"lazy\" class=\"\" draggable=\"false\" src=\"https:\/\/s.w.org\/images\/core\/emoji\/11\/svg\/1f4f8.svg\" alt=\"\ud83d\udcf8\" width=\"24\" height=\"24\"> sesj\u0119 zdj\u0119ciow\u0105\u2665<\/strong><\/h4>\n<p><a href=\"http:\/\/marzec.wroclaw.pl\/wp-content\/uploads\/2019\/02\/DMF_Voucher_Walentynki_2019.png\" data-elementor-open-lightbox=\"yes\" data-rel=\"lightbox-image-3\" data-rl_title=\"\" data-rl_caption=\"\" title=\"\"><img loading=\"lazy\" class=\"aligncenter\" src=\"http:\/\/marzec.wroclaw.pl\/wp-content\/uploads\/2019\/02\/DMF_Voucher_Walentynki_2019-1024x576.png\" sizes=\"(max-width: 1024px) 100vw, 1024px\" srcset=\"http:\/\/marzec.wroclaw.pl\/wp-content\/uploads\/2019\/02\/DMF_Voucher_Walentynki_2019-1024x576.png 1024w, http:\/\/marzec.wroclaw.pl\/wp-content\/uploads\/2019\/02\/DMF_Voucher_Walentynki_2019-300x169.png 300w, http:\/\/marzec.wroclaw.pl\/wp-content\/uploads\/2019\/02\/DMF_Voucher_Walentynki_2019-768x432.png 768w, http:\/\/marzec.wroclaw.pl\/wp-content\/uploads\/2019\/02\/DMF_Voucher_Walentynki_2019.png 1280w\" alt=\"\" width=\"1024\" height=\"576\"> <\/a><\/p>\n<p>Chcesz zrobi\u0107 niespodziank\u0119 \u2665Swojej Najwi\u0119kszej Mi\u0142o\u015bci\u2665 \u2026<\/p>\n<p>Podaruj Jej Voucher na wsp\u00f3ln\u0105 lub indywidualn\u0105 <img loading=\"lazy\" class=\"\" draggable=\"false\" src=\"https:\/\/s.w.org\/images\/core\/emoji\/11\/svg\/1f4f8.svg\" alt=\"\ud83d\udcf8\" width=\"24\" height=\"24\"> sesj\u0119 zdj\u0119ciow\u0105 \u2026<\/p>\n<p>To \u015bwietna okazja na sp\u0119dzenie wsp\u00f3lnie czasu czego efektem b\u0119d\u0105 Wasze zdj\u0119cia \u2026<\/p>\n<p>A co je\u015bli bardziej lubisz sesje plenerowe? &#8230; Nie przejmuj si\u0119 pogod\u0105 &#8230; voucher jest wa\u017cny 6 m-cy &#8211; Um\u00f3wimy si\u0119 &nbsp;na dogodny &#8230; pogodny <img loading=\"lazy\" class=\"\" draggable=\"false\" src=\"https:\/\/s.w.org\/images\/core\/emoji\/11\/svg\/1f31e.svg\" alt=\"\ud83c\udf1e\" width=\"24\" height=\"24\"> dzie\u0144 \ud83d\ude42<\/p>\n<p>Sam(a) ustal warto\u015b\u0107 swojego vouchera &#8230; napisz do mnie <img loading=\"lazy\" class=\"\" draggable=\"false\" src=\"https:\/\/s.w.org\/images\/core\/emoji\/11\/svg\/1f4e7.svg\" alt=\"\ud83d\udce7\" width=\"24\" height=\"24\">: <a href=\"mailto:dominik@marzec.wroclaw.pl\">dominik@marzec.wroclaw.pl<\/a> a ustalimy szczeg\u00f3\u0142y.<\/p>\n<p style=\"text-align: center;\"><img loading=\"lazy\" class=\"\" draggable=\"false\" src=\"https:\/\/s.w.org\/images\/core\/emoji\/11\/svg\/27a1.svg\" alt=\"\u27a1\" width=\"24\" height=\"24\">Ceny voucher\u00f3w ju\u017c od 150 z\u0142 <img loading=\"lazy\" class=\"\" draggable=\"false\" src=\"https:\/\/s.w.org\/images\/core\/emoji\/11\/svg\/2b05.svg\" alt=\"\u2b05\" width=\"24\" height=\"24\"><\/p>\n<h4>&nbsp;<\/h4>\n<h4 style=\"text-align: center;\"><strong>\u27a1 Sesje studyjne i plenerowe \u2b05<\/strong><\/h4>\n<p><a href=\"http:\/\/marzec.wroclaw.pl\/wp-content\/uploads\/2019\/09\/DMF_2019-Sesje_plenerowe.png\" data-rel=\"lightbox-image-4\" data-rl_title=\"\" data-rl_caption=\"\" title=\"\"><img data-attachment-id=\"2023\" data-permalink=\"https:\/\/marzec.wroclaw.pl\/index.php\/oferta\/dmf_2019-sesje_plenerowe\/\" data-orig-file=\"https:\/\/marzec.wroclaw.pl\/wp-content\/uploads\/2019\/09\/DMF_2019-Sesje_plenerowe.png\" data-orig-size=\"1280,720\" data-comments-opened=\"1\" data-image-meta=\"{&quot;aperture&quot;:&quot;0&quot;,&quot;credit&quot;:&quot;&quot;,&quot;camera&quot;:&quot;&quot;,&quot;caption&quot;:&quot;&quot;,&quot;created_timestamp&quot;:&quot;0&quot;,&quot;copyright&quot;:&quot;&quot;,&quot;focal_length&quot;:&quot;0&quot;,&quot;iso&quot;:&quot;0&quot;,&quot;shutter_speed&quot;:&quot;0&quot;,&quot;title&quot;:&quot;&quot;,&quot;orientation&quot;:&quot;0&quot;}\" data-image-title=\"DMF_2019 &#8211; Sesje_plenerowe\" data-image-description=\"\" data-medium-file=\"https:\/\/marzec.wroclaw.pl\/wp-content\/uploads\/2019\/09\/DMF_2019-Sesje_plenerowe-300x169.png\" data-large-file=\"https:\/\/marzec.wroclaw.pl\/wp-content\/uploads\/2019\/09\/DMF_2019-Sesje_plenerowe-1024x576.png\" loading=\"lazy\" class=\"alignnone wp-image-2023 size-large\" src=\"http:\/\/marzec.wroclaw.pl\/wp-content\/uploads\/2019\/09\/DMF_2019-Sesje_plenerowe-1024x576.png\" alt=\"\" width=\"1024\" height=\"576\" srcset=\"https:\/\/marzec.wroclaw.pl\/wp-content\/uploads\/2019\/09\/DMF_2019-Sesje_plenerowe-1024x576.png 1024w, https:\/\/marzec.wroclaw.pl\/wp-content\/uploads\/2019\/09\/DMF_2019-Sesje_plenerowe-300x169.png 300w, https:\/\/marzec.wroclaw.pl\/wp-content\/uploads\/2019\/09\/DMF_2019-Sesje_plenerowe-768x432.png 768w, https:\/\/marzec.wroclaw.pl\/wp-content\/uploads\/2019\/09\/DMF_2019-Sesje_plenerowe.png 1280w\" sizes=\"(max-width: 1024px) 100vw, 1024px\" \/><\/a><\/p>\n<p>&nbsp;<\/p>\n<p style=\"text-align: justify;\">Sam(a) ustalasz rodzaj swojej sesji, pakiet, ilo\u015b\u0107 zdj\u0119\u0107, odbitek czy te\u017c rodzaj foto-produkt\u00f3w &#8230; napisz do mnie <img loading=\"lazy\" class=\"\" draggable=\"false\" src=\"https:\/\/s.w.org\/images\/core\/emoji\/11\/svg\/1f4e7.svg\" alt=\"\ud83d\udce7\" width=\"24\" height=\"24\">: <a href=\"mailto:dominik@marzec.wroclaw.pl\">dominik@marzec.wroclaw.pl<\/a>, a ustalimy szczeg\u00f3\u0142y.<\/p>\n<p style=\"text-align: center;\"><img loading=\"lazy\" class=\"\" draggable=\"false\" src=\"https:\/\/s.w.org\/images\/core\/emoji\/11\/svg\/27a1.svg\" alt=\"\u27a1\" width=\"24\" height=\"24\">Ceny sesji ju\u017c od 150 z\u0142 <img loading=\"lazy\" class=\"\" draggable=\"false\" src=\"https:\/\/s.w.org\/images\/core\/emoji\/11\/svg\/2b05.svg\" alt=\"\u2b05\" width=\"24\" height=\"24\"><\/p>\n<h4>&nbsp;<\/h4>\n<h4 style=\"text-align: center;\"><strong>\u27a1 Sesje biznesowe \u2b05<\/strong><\/h4>\n<p><a href=\"http:\/\/marzec.wroclaw.pl\/wp-content\/uploads\/2019\/09\/DMF_2019-Sesje_biznesowe.png\" data-rel=\"lightbox-image-5\" data-rl_title=\"\" data-rl_caption=\"\" title=\"\"><img data-attachment-id=\"2025\" data-permalink=\"https:\/\/marzec.wroclaw.pl\/index.php\/oferta\/dmf_2019-sesje_biznesowe\/\" data-orig-file=\"https:\/\/marzec.wroclaw.pl\/wp-content\/uploads\/2019\/09\/DMF_2019-Sesje_biznesowe.png\" data-orig-size=\"1280,720\" data-comments-opened=\"1\" data-image-meta=\"{&quot;aperture&quot;:&quot;0&quot;,&quot;credit&quot;:&quot;&quot;,&quot;camera&quot;:&quot;&quot;,&quot;caption&quot;:&quot;&quot;,&quot;created_timestamp&quot;:&quot;0&quot;,&quot;copyright&quot;:&quot;&quot;,&quot;focal_length&quot;:&quot;0&quot;,&quot;iso&quot;:&quot;0&quot;,&quot;shutter_speed&quot;:&quot;0&quot;,&quot;title&quot;:&quot;&quot;,&quot;orientation&quot;:&quot;0&quot;}\" data-image-title=\"DMF_2019 &#8211; Sesje_biznesowe\" data-image-description=\"\" data-medium-file=\"https:\/\/marzec.wroclaw.pl\/wp-content\/uploads\/2019\/09\/DMF_2019-Sesje_biznesowe-300x169.png\" data-large-file=\"https:\/\/marzec.wroclaw.pl\/wp-content\/uploads\/2019\/09\/DMF_2019-Sesje_biznesowe-1024x576.png\" loading=\"lazy\" class=\"alignnone wp-image-2025 size-large\" src=\"http:\/\/marzec.wroclaw.pl\/wp-content\/uploads\/2019\/09\/DMF_2019-Sesje_biznesowe-1024x576.png\" alt=\"\" width=\"1024\" height=\"576\" srcset=\"https:\/\/marzec.wroclaw.pl\/wp-content\/uploads\/2019\/09\/DMF_2019-Sesje_biznesowe-1024x576.png 1024w, https:\/\/marzec.wroclaw.pl\/wp-content\/uploads\/2019\/09\/DMF_2019-Sesje_biznesowe-300x169.png 300w, https:\/\/marzec.wroclaw.pl\/wp-content\/uploads\/2019\/09\/DMF_2019-Sesje_biznesowe-768x432.png 768w, https:\/\/marzec.wroclaw.pl\/wp-content\/uploads\/2019\/09\/DMF_2019-Sesje_biznesowe.png 1280w\" sizes=\"(max-width: 1024px) 100vw, 1024px\" \/><\/a><\/p>\n<p style=\"text-align: justify;\">&nbsp;<\/p>\n<p style=\"text-align: center;\"><img loading=\"lazy\" class=\"\" draggable=\"false\" src=\"https:\/\/s.w.org\/images\/core\/emoji\/11\/svg\/27a1.svg\" alt=\"\u27a1\" width=\"24\" height=\"24\">Ceny sesji ju\u017c od 150 z\u0142 <img loading=\"lazy\" class=\"\" draggable=\"false\" src=\"https:\/\/s.w.org\/images\/core\/emoji\/11\/svg\/2b05.svg\" alt=\"\u2b05\" width=\"24\" height=\"24\"><\/p>\n<p>&nbsp;<\/p>\n<p>&nbsp;<\/p>\n<h4 style=\"text-align: center;\"><strong>\u27a1 Twoja sesja na fotokalendarzu \u2b05<\/strong><\/h4>\n<p><a href=\"http:\/\/marzec.wroclaw.pl\/wp-content\/uploads\/2019\/02\/DMF_Oferta-SesjaFotokalendarz-1.png\" data-elementor-open-lightbox=\"default\" data-rel=\"lightbox-image-6\" data-rl_title=\"\" data-rl_caption=\"\" title=\"\"><br \/>\n<img loading=\"lazy\" class=\"aligncenter\" src=\"http:\/\/marzec.wroclaw.pl\/wp-content\/uploads\/2019\/02\/DMF_Oferta-SesjaFotokalendarz-1.png\" sizes=\"(max-width: 720px) 100vw, 720px\" srcset=\"http:\/\/marzec.wroclaw.pl\/wp-content\/uploads\/2019\/02\/DMF_Oferta-SesjaFotokalendarz-1.png 720w, http:\/\/marzec.wroclaw.pl\/wp-content\/uploads\/2019\/02\/DMF_Oferta-SesjaFotokalendarz-1-225x300.png 225w\" alt=\"\" width=\"720\" height=\"960\"> <\/a><\/p>\n<h4>&nbsp;<\/h4>\n<h4 style=\"text-align: center;\"><strong>\u27a1 Fotoreporta\u017ce i sesje Komunijne \u2b05<\/strong><\/h4>\n<p><img loading=\"lazy\" class=\"aligncenter\" src=\"http:\/\/marzec.wroclaw.pl\/wp-content\/uploads\/2019\/04\/DMF_2019-Sesje_i_Fotoreporta\u017ce_Komunijne-1024x576.png\" sizes=\"(max-width: 1024px) 100vw, 1024px\" srcset=\"http:\/\/marzec.wroclaw.pl\/wp-content\/uploads\/2019\/04\/DMF_2019-Sesje_i_Fotoreporta\u017ce_Komunijne-1024x576.png 1024w, http:\/\/marzec.wroclaw.pl\/wp-content\/uploads\/2019\/04\/DMF_2019-Sesje_i_Fotoreporta\u017ce_Komunijne-300x169.png 300w, http:\/\/marzec.wroclaw.pl\/wp-content\/uploads\/2019\/04\/DMF_2019-Sesje_i_Fotoreporta\u017ce_Komunijne-768x432.png 768w, http:\/\/marzec.wroclaw.pl\/wp-content\/uploads\/2019\/04\/DMF_2019-Sesje_i_Fotoreporta\u017ce_Komunijne.png 1280w\" alt=\"\" width=\"1024\" height=\"576\"><\/p>\n<h4>&nbsp;<\/h4>\n<h4 style=\"text-align: center;\"><strong>\u27a1 Fotoreporta\u017ce i sesje z Chrztu \u015aw. \u2b05<\/strong><\/h4>\n<p style=\"text-align: center;\"><img data-attachment-id=\"2028\" data-permalink=\"https:\/\/marzec.wroclaw.pl\/index.php\/oferta\/dmf_2019-fotoreportaz_chrztu\/\" data-orig-file=\"https:\/\/marzec.wroclaw.pl\/wp-content\/uploads\/2019\/09\/DMF_2019-Fotoreporta\u017c_chrztu.png\" data-orig-size=\"1280,720\" data-comments-opened=\"1\" data-image-meta=\"{&quot;aperture&quot;:&quot;0&quot;,&quot;credit&quot;:&quot;&quot;,&quot;camera&quot;:&quot;&quot;,&quot;caption&quot;:&quot;&quot;,&quot;created_timestamp&quot;:&quot;0&quot;,&quot;copyright&quot;:&quot;&quot;,&quot;focal_length&quot;:&quot;0&quot;,&quot;iso&quot;:&quot;0&quot;,&quot;shutter_speed&quot;:&quot;0&quot;,&quot;title&quot;:&quot;&quot;,&quot;orientation&quot;:&quot;0&quot;}\" data-image-title=\"DMF_2019 &#8211; Fotoreporta\u017c_chrztu\" data-image-description=\"\" data-medium-file=\"https:\/\/marzec.wroclaw.pl\/wp-content\/uploads\/2019\/09\/DMF_2019-Fotoreporta\u017c_chrztu-300x169.png\" data-large-file=\"https:\/\/marzec.wroclaw.pl\/wp-content\/uploads\/2019\/09\/DMF_2019-Fotoreporta\u017c_chrztu-1024x576.png\" loading=\"lazy\" class=\"alignnone size-large wp-image-2028\" src=\"http:\/\/marzec.wroclaw.pl\/wp-content\/uploads\/2019\/09\/DMF_2019-Fotoreporta\u017c_chrztu-1024x576.png\" alt=\"\" width=\"1024\" height=\"576\" srcset=\"https:\/\/marzec.wroclaw.pl\/wp-content\/uploads\/2019\/09\/DMF_2019-Fotoreporta\u017c_chrztu-1024x576.png 1024w, https:\/\/marzec.wroclaw.pl\/wp-content\/uploads\/2019\/09\/DMF_2019-Fotoreporta\u017c_chrztu-300x169.png 300w, https:\/\/marzec.wroclaw.pl\/wp-content\/uploads\/2019\/09\/DMF_2019-Fotoreporta\u017c_chrztu-768x432.png 768w, https:\/\/marzec.wroclaw.pl\/wp-content\/uploads\/2019\/09\/DMF_2019-Fotoreporta\u017c_chrztu.png 1280w\" sizes=\"(max-width: 1024px) 100vw, 1024px\" \/><\/p>\n<h4>&nbsp;<\/h4>\n<h4 style=\"text-align: center;\"><strong>\u27a1 Sesje \u015bwi\u0105teczne \u2b05<\/strong><\/h4>\n<p><a href=\"http:\/\/marzec.wroclaw.pl\/wp-content\/uploads\/2018\/11\/DMF-Mini_Sesja_\u015awi\u0105teczna_2018.png\" data-elementor-open-lightbox=\"default\" data-rel=\"lightbox-image-7\" data-rl_title=\"\" data-rl_caption=\"\" title=\"\"><img loading=\"lazy\" class=\"aligncenter\" src=\"http:\/\/marzec.wroclaw.pl\/wp-content\/uploads\/2018\/11\/DMF-Mini_Sesja_\u015awi\u0105teczna_2018-1024x576.png\" sizes=\"(max-width: 1024px) 100vw, 1024px\" srcset=\"http:\/\/marzec.wroclaw.pl\/wp-content\/uploads\/2018\/11\/DMF-Mini_Sesja_\u015awi\u0105teczna_2018-1024x576.png 1024w, http:\/\/marzec.wroclaw.pl\/wp-content\/uploads\/2018\/11\/DMF-Mini_Sesja_\u015awi\u0105teczna_2018-300x169.png 300w, http:\/\/marzec.wroclaw.pl\/wp-content\/uploads\/2018\/11\/DMF-Mini_Sesja_\u015awi\u0105teczna_2018-768x432.png 768w, http:\/\/marzec.wroclaw.pl\/wp-content\/uploads\/2018\/11\/DMF-Mini_Sesja_\u015awi\u0105teczna_2018.png 1280w\" alt=\"DMF_Oferta: Mini sesja \u015bwi\u0105teczna\" width=\"1024\" height=\"576\"><\/a><\/p>\n<figure><\/figure>\n<figure><\/figure>\n<figure><\/figure>\n<figure><\/figure>\n<figure><\/figure>\n<figure><\/figure>\n<figure><\/figure>\n<figure><\/figure>\n<figure><\/figure>\n<figure><\/figure>\n<h5>&nbsp;<\/h5>\n<h5 style=\"text-align: center;\">Dominik Marzec Fotografia<br \/>\n\ud83d\udce7&nbsp;dominik@marzec.wroclaw.pl<br \/>\n\ud83d\udcde&nbsp;608 037 271<\/h5>\n<h5>&nbsp;<\/h5>\n<h5><b>Obowi\u0105zek informacyjny zwi\u0105zany z ustaw\u0105 RODO:<\/b><\/h5>\n<p>1) Wys\u0142anie wiadomo\u015bci\/zapytania zwi\u0105zane jest z wyra\u017ceniem (dobrowolnie) Pa\u0144stwa zgody na przetwarzanie danych osobowych takich jak m.in. Imi\u0119, Nazwisko, nr telefonu, adres email i innych, niezb\u0119dnych do przygotowania oferty, mo\u017cliwo\u015bci kontaktu oraz realizacji zlecenia.<\/p>\n<p>2) Pa\u0144stwa dane przetwarzane b\u0119d\u0105 do czasu realizacji zlecenia lub d\u0142u\u017cej w oparciu o umow\u0119 wykonania zlecenia.<\/p>\n<p>3) Administratorem Danych Osobowych jest Dominik Marzec prowadz\u0105cy dzia\u0142alno\u015b\u0107 gospodarcz\u0105 pod nazw\u0105 Dominik Marzec Fotografia z siedzib\u0105 we Wroc\u0142awiu, ul. Franciszka Hynka 7\/21 E-mail:<a href=\"mailto:dominik@marzec.wroclaw.pl\">dominik@marzec.wroclaw.pl<\/a>, Tel. 608 03 72 71.<\/p>\n<p>4) Przys\u0142uguje Pa\u0144stwu prawo dost\u0119pu do swoich danych, ich aktualizacji jak r\u00f3wnie\u017c do cofni\u0119cia zgody na ich przetwarzanie z \u017c\u0105daniem ich usuni\u0119cia z bazy w dowolnym momencie. Przy czym cofni\u0119cie zgody\/usuni\u0119cie danych osobowych r\u00f3wnoznaczne jest z brakiem mo\u017cliwo\u015bci przygotowania oferty\/realizacji zlecenia<b>.<br \/>\n<\/b><\/p>\n","protected":false},"excerpt":{"rendered":"<p>\u27a1 Sesje noworodkowe \u2b05 Ceny sesji noworodkowych ju\u017c od 150 z\u0142 &nbsp; \u27a1 Voucher na noworodkow\u0105 sesj\u0119 fotograficzn\u0105 \u2b05 Sam(a) ustal warto\u015b\u0107 swojego vouchera &#8230; napisz do mnie : dominik@marzec.wroclaw.pl, a ustalimy szczeg\u00f3\u0142y. Ceny voucher\u00f3w ju\u017c od 150 z\u0142 &nbsp; \u27a1 Dzieci\u0119ce sesje studyjne i plenerowe \u2b05 Sam(a) ustalasz rodzaj swojej sesji, pakiet, ilo\u015b\u0107 zdj\u0119\u0107, [&hellip;]<\/p>\n","protected":false},"author":1,"featured_media":0,"parent":0,"menu_order":2,"comment_status":"closed","ping_status":"closed","template":"","meta":{"ngg_post_thumbnail":0,"spay_email":""},"jetpack_sharing_enabled":true,"jetpack_shortlink":"https:\/\/wp.me\/Pao2F3-1l","_links":{"self":[{"href":"https:\/\/marzec.wroclaw.pl\/index.php\/wp-json\/wp\/v2\/pages\/83"}],"collection":[{"href":"https:\/\/marzec.wroclaw.pl\/index.php\/wp-json\/wp\/v2\/pages"}],"about":[{"href":"https:\/\/marzec.wroclaw.pl\/index.php\/wp-json\/wp\/v2\/types\/page"}],"author":[{"embeddable":true,"href":"https:\/\/marzec.wroclaw.pl\/index.php\/wp-json\/wp\/v2\/users\/1"}],"replies":[{"embeddable":true,"href":"https:\/\/marzec.wroclaw.pl\/index.php\/wp-json\/wp\/v2\/comments?post=83"}],"version-history":[{"count":38,"href":"https:\/\/marzec.wroclaw.pl\/index.php\/wp-json\/wp\/v2\/pages\/83\/revisions"}],"predecessor-version":[{"id":2029,"href":"https:\/\/marzec.wroclaw.pl\/index.php\/wp-json\/wp\/v2\/pages\/83\/revisions\/2029"}],"wp:attachment":[{"href":"https:\/\/marzec.wroclaw.pl\/index.php\/wp-json\/wp\/v2\/media?parent=83"}],"curies":[{"name":"wp","href":"https:\/\/api.w.org\/{rel}","templated":true}]}}