{"id":114,"date":"2018-10-25T21:21:05","date_gmt":"2018-10-25T21:21:05","guid":{"rendered":"http:\/\/marzec.wroclaw.pl\/?page_id=114"},"modified":"2018-10-25T21:24:12","modified_gmt":"2018-10-25T21:24:12","slug":"rodo","status":"publish","type":"page","link":"https:\/\/marzec.wroclaw.pl\/index.php\/rodo\/","title":{"rendered":"RODO"},"content":{"rendered":"<h2>Obowi\u0105zek informacyjny zwi\u0105zany z ustaw\u0105 RODO<\/h2>\n<p><strong>Szanowny Kliencie,<\/strong><\/p>\n<p><strong>1) Wys\u0142anie wiadomo\u015bci\/zapytania zwi\u0105zane jest z wyra\u017ceniem (dobrowolnie) Pa\u0144stwa zgody na przetwarzanie danych osobowych takich jak m.in. Imi\u0119, Nazwisko, nr telefonu, adres email i innych, niezb\u0119dnych do przygotowania oferty, mo\u017cliwo\u015bci kontaktu oraz realizacji zlecenia.\u00a0<\/strong><\/p>\n<p><strong>2) Pa\u0144stwa dane przetwarzane b\u0119d\u0105 do czasu realizacji zlecenia lub d\u0142u\u017cej w oparciu o umow\u0119 wykonania zlecenia.\u00a0<\/strong><strong style=\"font-size: 13px;\">\u00a0<\/strong><\/p>\n<p><strong>3) Administratorem Danych Osobowych jest Dominik Marzec prowadz\u0105cy dzia\u0142alno\u015b\u0107 gospodarcz\u0105 pod nazw\u0105 Dominik Marzec Fotografia z siedzib\u0105 we Wroc\u0142awiu, ul. Franciszka Hynka 7\/21; E-mail: <a href=\"mailto:dominik@marzec.wroclaw.pl\">dominik@marzec.wroclaw.pl<\/a>, Tel. 608 03 72 71.\u00a0<\/strong><\/p>\n<p><strong>4) Przys\u0142uguje Pa\u0144stwu prawo dost\u0119pu do swoich danych, ich aktualizacji jak r\u00f3wnie\u017c do cofni\u0119cia zgody na ich przetwarzanie z \u017c\u0105daniem ich usuni\u0119cia z bazy w dowolnym momencie. Przy czym cofni\u0119cie zgody\/usuni\u0119cie danych osobowych r\u00f3wnoznaczne jest z brakiem mo\u017cliwo\u015bci przygotowania oferty\/realizacji zlecenia. <\/strong><\/p>\n","protected":false},"excerpt":{"rendered":"<p>Obowi\u0105zek informacyjny zwi\u0105zany z ustaw\u0105 RODO Szanowny Kliencie, 1) Wys\u0142anie wiadomo\u015bci\/zapytania zwi\u0105zane jest z wyra\u017ceniem (dobrowolnie) Pa\u0144stwa zgody na przetwarzanie danych osobowych takich jak m.in. Imi\u0119, Nazwisko, nr telefonu, adres email i innych, niezb\u0119dnych do przygotowania oferty, mo\u017cliwo\u015bci kontaktu oraz realizacji zlecenia.\u00a0 2) Pa\u0144stwa dane przetwarzane b\u0119d\u0105 do czasu realizacji zlecenia lub d\u0142u\u017cej w oparciu [&hellip;]<\/p>\n","protected":false},"author":1,"featured_media":0,"parent":0,"menu_order":0,"comment_status":"closed","ping_status":"closed","template":"","meta":{"ngg_post_thumbnail":0,"spay_email":""},"jetpack_sharing_enabled":true,"jetpack_shortlink":"https:\/\/wp.me\/Pao2F3-1Q","_links":{"self":[{"href":"https:\/\/marzec.wroclaw.pl\/index.php\/wp-json\/wp\/v2\/pages\/114"}],"collection":[{"href":"https:\/\/marzec.wroclaw.pl\/index.php\/wp-json\/wp\/v2\/pages"}],"about":[{"href":"https:\/\/marzec.wroclaw.pl\/index.php\/wp-json\/wp\/v2\/types\/page"}],"author":[{"embeddable":true,"href":"https:\/\/marzec.wroclaw.pl\/index.php\/wp-json\/wp\/v2\/users\/1"}],"replies":[{"embeddable":true,"href":"https:\/\/marzec.wroclaw.pl\/index.php\/wp-json\/wp\/v2\/comments?post=114"}],"version-history":[{"count":4,"href":"https:\/\/marzec.wroclaw.pl\/index.php\/wp-json\/wp\/v2\/pages\/114\/revisions"}],"predecessor-version":[{"id":118,"href":"https:\/\/marzec.wroclaw.pl\/index.php\/wp-json\/wp\/v2\/pages\/114\/revisions\/118"}],"wp:attachment":[{"href":"https:\/\/marzec.wroclaw.pl\/index.php\/wp-json\/wp\/v2\/media?parent=114"}],"curies":[{"name":"wp","href":"https:\/\/api.w.org\/{rel}","templated":true}]}}